{"id":2635,"date":"2023-08-17T09:37:02","date_gmt":"2023-08-17T09:37:02","guid":{"rendered":"https:\/\/segef.pt\/a-empresa\/missao\/"},"modified":"2023-10-30T15:19:36","modified_gmt":"2023-10-30T15:19:36","slug":"mission","status":"publish","type":"page","link":"https:\/\/segef.pt\/en\/the-company\/mission\/","title":{"rendered":"Mission"},"content":{"rendered":"<section class=\"wpb-content-wrapper\"><p>[vc_row css=&#8221;.vc_custom_1503376024695{padding-top: 66px !important;padding-bottom: 60px !important;}&#8221;][vc_column offset=&#8221;vc_col-lg-8 vc_col-md-8&#8243; css=&#8221;.vc_custom_1503376034901{padding-bottom: 20px !important;}&#8221;]<div class=\"fh-section-title clearfix  text-left version-dark\"><h2 style=\"font-size: 36px\">Mission<\/h2><\/div>[vc_empty_space height=&#8221;45px&#8221;][vc_column_text]<\/p>\n<p style=\"font-weight: 400;\"><strong>Our mission is to help companies reduce costs and increase the safety of their workers on the roads.<\/strong><\/p>\n<p>[\/vc_column_text][vc_empty_space height=&#8221;20px&#8221;][vc_column_text]<\/p>\n<p style=\"font-weight: 400;\">We aim to improve road safety and sustainability of corporate fleets!<\/p>\n<p style=\"font-weight: 400;\">Fleet drivers make up a significant percentage of all total drivers and their exposure to road risk is increased by the nature of their work.<\/p>\n<p style=\"font-weight: 400;\">We want all corporate fleets to have high levels of road safety, environmentally sustainable and efficient management and that these issues are recognized by organizations as a whole.<\/p>\n<p style=\"font-weight: 400;\">We want all workers to return safely to their families at the end of the day!!<\/p>\n<p>[\/vc_column_text][vc_empty_space height=&#8221;35px&#8221;][\/vc_column][vc_column offset=&#8221;vc_col-lg-4 vc_col-md-4&#8243; css=&#8221;.vc_custom_1503376029710{padding-bottom: 20px !important;}&#8221;][vc_empty_space height=&#8221;14px&#8221;][vc_single_image image=&#8221;2724&#8243; img_size=&#8221;full&#8221;][\/vc_column][\/vc_row]<\/p>\n<\/section>","protected":false},"excerpt":{"rendered":"<p>[vc_row css=&#8221;.vc_custom_1503376024695{padding-top: 66px !important;padding-bottom: 60px !important;}&#8221;][vc_column offset=&#8221;vc_col-lg-8 vc_col-md-8&#8243; css=&#8221;.vc_custom_1503376034901{padding-bottom: 20px !important;}&#8221;][vc_empty_space height=&#8221;45px&#8221;][vc_column_text] Our mission is to help companies reduce costs&hellip;<\/p>\n","protected":false},"author":1,"featured_media":0,"parent":2634,"menu_order":0,"comment_status":"closed","ping_status":"closed","template":"template-fullwidth.php","meta":{"footnotes":""},"acf":[],"yoast_head":"<!-- This site is optimized with the Yoast SEO plugin v21.5 - https:\/\/yoast.com\/wordpress\/plugins\/seo\/ -->\n<title>Mission - Segef - SEGURAN\u00c7A GEST\u00c3O E EFICI\u00caNCIA, SOCIEDADE UNIPESSOAL LDA<\/title>\n<meta name=\"robots\" content=\"index, follow, max-snippet:-1, max-image-preview:large, max-video-preview:-1\" \/>\n<link rel=\"canonical\" href=\"https:\/\/segef.pt\/en\/the-company\/mission\/\" \/>\n<meta property=\"og:locale\" content=\"en_US\" \/>\n<meta property=\"og:type\" content=\"article\" \/>\n<meta property=\"og:title\" content=\"Mission - Segef - SEGURAN\u00c7A GEST\u00c3O E EFICI\u00caNCIA, SOCIEDADE UNIPESSOAL LDA\" \/>\n<meta property=\"og:description\" content=\"[vc_row css=&#8221;.vc_custom_1503376024695{padding-top: 66px !important;padding-bottom: 60px !important;}&#8221;][vc_column offset=&#8221;vc_col-lg-8 vc_col-md-8&#8243; css=&#8221;.vc_custom_1503376034901{padding-bottom: 20px !important;}&#8221;][vc_empty_space height=&#8221;45px&#8221;][vc_column_text] Our mission is to help companies reduce costs&hellip;\" \/>\n<meta property=\"og:url\" content=\"https:\/\/segef.pt\/en\/the-company\/mission\/\" \/>\n<meta property=\"og:site_name\" content=\"Segef - SEGURAN\u00c7A GEST\u00c3O E EFICI\u00caNCIA, SOCIEDADE UNIPESSOAL LDA\" \/>\n<meta property=\"article:modified_time\" content=\"2023-10-30T15:19:36+00:00\" \/>\n<meta name=\"twitter:card\" content=\"summary_large_image\" \/>\n<meta name=\"twitter:label1\" content=\"Est. reading time\" \/>\n\t<meta name=\"twitter:data1\" content=\"1 minute\" \/>\n<script type=\"application\/ld+json\" class=\"yoast-schema-graph\">{\"@context\":\"https:\/\/schema.org\",\"@graph\":[{\"@type\":\"WebPage\",\"@id\":\"https:\/\/segef.pt\/en\/the-company\/mission\/\",\"url\":\"https:\/\/segef.pt\/en\/the-company\/mission\/\",\"name\":\"Mission - Segef - SEGURAN\u00c7A GEST\u00c3O E EFICI\u00caNCIA, SOCIEDADE UNIPESSOAL LDA\",\"isPartOf\":{\"@id\":\"https:\/\/segef.pt\/#website\"},\"datePublished\":\"2023-08-17T09:37:02+00:00\",\"dateModified\":\"2023-10-30T15:19:36+00:00\",\"breadcrumb\":{\"@id\":\"https:\/\/segef.pt\/en\/the-company\/mission\/#breadcrumb\"},\"inLanguage\":\"en-US\",\"potentialAction\":[{\"@type\":\"ReadAction\",\"target\":[\"https:\/\/segef.pt\/en\/the-company\/mission\/\"]}]},{\"@type\":\"BreadcrumbList\",\"@id\":\"https:\/\/segef.pt\/en\/the-company\/mission\/#breadcrumb\",\"itemListElement\":[{\"@type\":\"ListItem\",\"position\":1,\"name\":\"Home\",\"item\":\"https:\/\/segef.pt\/en\/\"},{\"@type\":\"ListItem\",\"position\":2,\"name\":\"The Company\",\"item\":\"https:\/\/segef.pt\/en\/the-company\/\"},{\"@type\":\"ListItem\",\"position\":3,\"name\":\"Mission\"}]},{\"@type\":\"WebSite\",\"@id\":\"https:\/\/segef.pt\/#website\",\"url\":\"https:\/\/segef.pt\/\",\"name\":\"Segef - SEGURAN\u00c7A GEST\u00c3O E EFICI\u00caNCIA, SOCIEDADE UNIPESSOAL LDA\",\"description\":\"\",\"potentialAction\":[{\"@type\":\"SearchAction\",\"target\":{\"@type\":\"EntryPoint\",\"urlTemplate\":\"https:\/\/segef.pt\/?s={search_term_string}\"},\"query-input\":\"required name=search_term_string\"}],\"inLanguage\":\"en-US\"}]}<\/script>\n<!-- \/ Yoast SEO plugin. -->","yoast_head_json":{"title":"Mission - Segef - SEGURAN\u00c7A GEST\u00c3O E EFICI\u00caNCIA, SOCIEDADE UNIPESSOAL LDA","robots":{"index":"index","follow":"follow","max-snippet":"max-snippet:-1","max-image-preview":"max-image-preview:large","max-video-preview":"max-video-preview:-1"},"canonical":"https:\/\/segef.pt\/en\/the-company\/mission\/","og_locale":"en_US","og_type":"article","og_title":"Mission - Segef - SEGURAN\u00c7A GEST\u00c3O E EFICI\u00caNCIA, SOCIEDADE UNIPESSOAL LDA","og_description":"[vc_row css=&#8221;.vc_custom_1503376024695{padding-top: 66px !important;padding-bottom: 60px !important;}&#8221;][vc_column offset=&#8221;vc_col-lg-8 vc_col-md-8&#8243; css=&#8221;.vc_custom_1503376034901{padding-bottom: 20px !important;}&#8221;][vc_empty_space height=&#8221;45px&#8221;][vc_column_text] Our mission is to help companies reduce costs&hellip;","og_url":"https:\/\/segef.pt\/en\/the-company\/mission\/","og_site_name":"Segef - SEGURAN\u00c7A GEST\u00c3O E EFICI\u00caNCIA, SOCIEDADE UNIPESSOAL LDA","article_modified_time":"2023-10-30T15:19:36+00:00","twitter_card":"summary_large_image","twitter_misc":{"Est. reading time":"1 minute"},"schema":{"@context":"https:\/\/schema.org","@graph":[{"@type":"WebPage","@id":"https:\/\/segef.pt\/en\/the-company\/mission\/","url":"https:\/\/segef.pt\/en\/the-company\/mission\/","name":"Mission - Segef - SEGURAN\u00c7A GEST\u00c3O E EFICI\u00caNCIA, SOCIEDADE UNIPESSOAL LDA","isPartOf":{"@id":"https:\/\/segef.pt\/#website"},"datePublished":"2023-08-17T09:37:02+00:00","dateModified":"2023-10-30T15:19:36+00:00","breadcrumb":{"@id":"https:\/\/segef.pt\/en\/the-company\/mission\/#breadcrumb"},"inLanguage":"en-US","potentialAction":[{"@type":"ReadAction","target":["https:\/\/segef.pt\/en\/the-company\/mission\/"]}]},{"@type":"BreadcrumbList","@id":"https:\/\/segef.pt\/en\/the-company\/mission\/#breadcrumb","itemListElement":[{"@type":"ListItem","position":1,"name":"Home","item":"https:\/\/segef.pt\/en\/"},{"@type":"ListItem","position":2,"name":"The Company","item":"https:\/\/segef.pt\/en\/the-company\/"},{"@type":"ListItem","position":3,"name":"Mission"}]},{"@type":"WebSite","@id":"https:\/\/segef.pt\/#website","url":"https:\/\/segef.pt\/","name":"Segef - SEGURAN\u00c7A GEST\u00c3O E EFICI\u00caNCIA, SOCIEDADE UNIPESSOAL LDA","description":"","potentialAction":[{"@type":"SearchAction","target":{"@type":"EntryPoint","urlTemplate":"https:\/\/segef.pt\/?s={search_term_string}"},"query-input":"required name=search_term_string"}],"inLanguage":"en-US"}]}},"_links":{"self":[{"href":"https:\/\/segef.pt\/en\/wp-json\/wp\/v2\/pages\/2635"}],"collection":[{"href":"https:\/\/segef.pt\/en\/wp-json\/wp\/v2\/pages"}],"about":[{"href":"https:\/\/segef.pt\/en\/wp-json\/wp\/v2\/types\/page"}],"author":[{"embeddable":true,"href":"https:\/\/segef.pt\/en\/wp-json\/wp\/v2\/users\/1"}],"replies":[{"embeddable":true,"href":"https:\/\/segef.pt\/en\/wp-json\/wp\/v2\/comments?post=2635"}],"version-history":[{"count":6,"href":"https:\/\/segef.pt\/en\/wp-json\/wp\/v2\/pages\/2635\/revisions"}],"predecessor-version":[{"id":3400,"href":"https:\/\/segef.pt\/en\/wp-json\/wp\/v2\/pages\/2635\/revisions\/3400"}],"up":[{"embeddable":true,"href":"https:\/\/segef.pt\/en\/wp-json\/wp\/v2\/pages\/2634"}],"wp:attachment":[{"href":"https:\/\/segef.pt\/en\/wp-json\/wp\/v2\/media?parent=2635"}],"curies":[{"name":"wp","href":"https:\/\/api.w.org\/{rel}","templated":true}]}}