{"id":2639,"date":"2023-08-17T10:41:43","date_gmt":"2023-08-17T10:41:43","guid":{"rendered":"https:\/\/segef.pt\/adesao\/"},"modified":"2023-10-30T15:49:16","modified_gmt":"2023-10-30T15:49:16","slug":"membership","status":"publish","type":"page","link":"https:\/\/segef.pt\/en\/membership\/","title":{"rendered":"Membership"},"content":{"rendered":"<section class=\"wpb-content-wrapper\"><p>[vc_row css=&#8221;.vc_custom_1692269374856{padding-top: 70px !important;padding-bottom: 80px !important;background-color: #f7f7f7 !important;}&#8221; el_class=&#8221;adesao&#8221;][vc_column]<div class=\"fh-section-title clearfix  text-left version-dark\"><h2 style=\"font-size: 26px\">Membership<\/h2><\/div>[vc_empty_space height=&#8221;35px&#8221;][vc_column_text]<\/p>\n<p style=\"font-weight: 400;\">SEGEF can help build a culture of road safety in your company.<\/p>\n<p style=\"font-weight: 400;\">In addition to the actions already mentioned, we have the possibility to identify content to improve road safety in your company.<\/p>\n<p style=\"font-weight: 400;\">If you send us your details below and make a brief description of your fleet we will contact you to find the best solution to help you!<\/p>\n<p style=\"font-weight: 400;\">Thank you!<\/p>\n<p>[\/vc_column_text][vc_empty_space height=&#8221;50px&#8221;]\n<div class=\"wpcf7 no-js\" id=\"wpcf7-f2885-o1\" lang=\"en-US\" dir=\"ltr\">\n<div class=\"screen-reader-response\"><p role=\"status\" aria-live=\"polite\" aria-atomic=\"true\"><\/p> <ul><\/ul><\/div>\n<form action=\"\/en\/wp-json\/wp\/v2\/pages\/2639#wpcf7-f2885-o1\" method=\"post\" class=\"wpcf7-form init\" aria-label=\"Contact form\" novalidate=\"novalidate\" data-status=\"init\">\n<div style=\"display: none;\">\n<input type=\"hidden\" name=\"_wpcf7\" value=\"2885\" \/>\n<input type=\"hidden\" name=\"_wpcf7_version\" value=\"5.8\" \/>\n<input type=\"hidden\" name=\"_wpcf7_locale\" value=\"en_US\" \/>\n<input type=\"hidden\" name=\"_wpcf7_unit_tag\" value=\"wpcf7-f2885-o1\" \/>\n<input type=\"hidden\" name=\"_wpcf7_container_post\" value=\"0\" \/>\n<input type=\"hidden\" name=\"_wpcf7_posted_data_hash\" value=\"\" \/>\n<input type=\"hidden\" name=\"_wpcf7_recaptcha_response\" value=\"\" \/>\n<\/div>\n<div class=\"fh-form fh-form-3\">\n\t<div class=\"row\">\n\t\t<div class=\"col-md-4 col-sm-6 col-xs-12\">\n\t\t\t<p><label>Name<\/label>\n\t\t\t<\/p>\n\t\t\t<p class=\"field\"><span class=\"wpcf7-form-control-wrap\" data-name=\"your-name\"><input size=\"40\" class=\"wpcf7-form-control wpcf7-text wpcf7-validates-as-required\" aria-required=\"true\" aria-invalid=\"false\" placeholder=\"Name*\" value=\"\" type=\"text\" name=\"your-name\" \/><\/span>\n\t\t\t<\/p>\n\t\t<\/div>\n\t\t<div class=\"col-md-4 col-sm-6 col-xs-12\">\n\t\t\t<p><label>Email<\/label>\n\t\t\t<\/p>\n\t\t\t<p class=\"field\"><span class=\"wpcf7-form-control-wrap\" data-name=\"your-email\"><input size=\"40\" class=\"wpcf7-form-control wpcf7-email wpcf7-validates-as-required wpcf7-text wpcf7-validates-as-email\" aria-required=\"true\" aria-invalid=\"false\" placeholder=\"Email Address*\" value=\"\" type=\"email\" name=\"your-email\" \/><\/span>\n\t\t\t<\/p>\n\t\t<\/div>\n\t\t<div class=\"col-md-4 col-sm-6 col-xs-12\">\n\t\t\t<p><label>Phone<\/label>\n\t\t\t<\/p>\n\t\t\t<p class=\"field\"><span class=\"wpcf7-form-control-wrap\" data-name=\"your-phone\"><input size=\"40\" class=\"wpcf7-form-control wpcf7-text wpcf7-validates-as-required\" aria-required=\"true\" aria-invalid=\"false\" placeholder=\"Phone\" value=\"\" type=\"text\" name=\"your-phone\" \/><\/span>\n\t\t\t<\/p>\n\t\t<\/div>\n\t\t<div class=\"col-md-4 col-sm-6 col-xs-12\">\n\t\t\t<p><label>Company<\/label>\n\t\t\t<\/p>\n\t\t\t<p class=\"field\"><span class=\"wpcf7-form-control-wrap\" data-name=\"your-business\"><input size=\"40\" class=\"wpcf7-form-control wpcf7-text wpcf7-validates-as-required\" aria-required=\"true\" aria-invalid=\"false\" placeholder=\"Company*\" value=\"\" type=\"text\" name=\"your-business\" \/><\/span>\n\t\t\t<\/p>\n\t\t<\/div>\n\t\t<div class=\"col-md-4 col-sm-6 col-xs-12\">\n\t\t\t<p><label>Role<\/label>\n\t\t\t<\/p>\n\t\t\t<p class=\"field\"><span class=\"wpcf7-form-control-wrap\" data-name=\"your-function\"><input size=\"40\" class=\"wpcf7-form-control wpcf7-text wpcf7-validates-as-required\" aria-required=\"true\" aria-invalid=\"false\" placeholder=\"Role*\" value=\"\" type=\"text\" name=\"your-function\" \/><\/span>\n\t\t\t<\/p>\n\t\t<\/div>\n\t\t<div class=\"col-md-4 col-sm-6 col-xs-12\">\n\t\t\t<p><label>Training<\/label>\n\t\t\t<\/p>\n\t\t\t<p><span class=\"wpcf7-form-control-wrap\" data-name=\"formacao\"><select class=\"wpcf7-form-control wpcf7-select wpcf7-validates-as-required\" aria-required=\"true\" aria-invalid=\"false\" name=\"formacao\"><option value=\"\">&#8212;Please choose an option&#8212;<\/option><option value=\"Doctorate\">Doctorate<\/option><option value=\"Masters Degree\">Masters Degree<\/option><option value=\"Licentiate Degree\">Licentiate Degree<\/option><option value=\"Post-Secondary Non-Higher Education (Level IV)\">Post-Secondary Non-Higher Education (Level IV)<\/option><option value=\"12th grade (Secondary Education)\">12th grade (Secondary Education)<\/option><option value=\"Technical Secondary Education (12th Grade)\">Technical Secondary Education (12th Grade)<\/option><option value=\"Basic Education (9th Grade)\">Basic Education (9th Grade)<\/option><\/select><\/span>\n\t\t\t<\/p>\n\t\t<\/div>\n\t\t<div class=\"col-md-8 col-sm-6 col-xs-12\">\n\t\t\t<p class=\"field single-field\"><span class=\"wpcf7-form-control-wrap\" data-name=\"your-message\"><textarea cols=\"40\" rows=\"10\" class=\"wpcf7-form-control wpcf7-textarea\" aria-invalid=\"false\" placeholder=\"Message...\" name=\"your-message\"><\/textarea><\/span>\n\t\t\t<\/p>\n\t\t<\/div>\n\t\t<div class=\"col-md-4 col-sm-12 col-xs-12\">\n\t\t\t<p class=\"field submit\"><input class=\"wpcf7-form-control wpcf7-submit has-spinner fh-btn\" type=\"submit\" value=\"Make Request\" \/>\n\t\t\t<\/p>\n\t\t\t<p><span class=\"wpcf7-form-control-wrap\" data-name=\"acceptance\"><span class=\"wpcf7-form-control wpcf7-acceptance\"><span class=\"wpcf7-list-item\"><label><input type=\"checkbox\" name=\"acceptance\" value=\"1\" aria-invalid=\"false\" \/><span class=\"wpcf7-list-item-label\">I read and accept the <a target=\"_blank\" href=\"terms-and-conditions\">Terms and Conditions<\/a> and the <a target=\"_blank\" href=\"privacy-policy\">Privacy Policy<\/a>.<\/span><\/label><\/span><\/span><\/span>\n\t\t\t<\/p>\n\t\t<\/div>\n\t<\/div>\n<\/div><div class=\"wpcf7-response-output\" aria-hidden=\"true\"><\/div>\n<\/form>\n<\/div>\n[\/vc_column][\/vc_row]<\/p>\n<\/section>","protected":false},"excerpt":{"rendered":"<p>[vc_row css=&#8221;.vc_custom_1692269374856{padding-top: 70px !important;padding-bottom: 80px !important;background-color: #f7f7f7 !important;}&#8221; el_class=&#8221;adesao&#8221;][vc_column][vc_empty_space height=&#8221;35px&#8221;][vc_column_text] SEGEF can help build a culture of road safety in&hellip;<\/p>\n","protected":false},"author":1,"featured_media":0,"parent":0,"menu_order":0,"comment_status":"closed","ping_status":"closed","template":"template-fullwidth.php","meta":{"footnotes":""},"acf":[],"yoast_head":"<!-- This site is optimized with the Yoast SEO plugin v21.5 - https:\/\/yoast.com\/wordpress\/plugins\/seo\/ -->\n<title>Membership - Segef - SEGURAN\u00c7A GEST\u00c3O E EFICI\u00caNCIA, SOCIEDADE UNIPESSOAL LDA<\/title>\n<meta name=\"robots\" content=\"index, follow, max-snippet:-1, max-image-preview:large, max-video-preview:-1\" \/>\n<link rel=\"canonical\" href=\"https:\/\/segef.pt\/en\/membership\/\" \/>\n<meta property=\"og:locale\" content=\"en_US\" \/>\n<meta property=\"og:type\" content=\"article\" \/>\n<meta property=\"og:title\" content=\"Membership - Segef - SEGURAN\u00c7A GEST\u00c3O E EFICI\u00caNCIA, SOCIEDADE UNIPESSOAL LDA\" \/>\n<meta property=\"og:description\" content=\"[vc_row css=&#8221;.vc_custom_1692269374856{padding-top: 70px !important;padding-bottom: 80px !important;background-color: #f7f7f7 !important;}&#8221; el_class=&#8221;adesao&#8221;][vc_column][vc_empty_space height=&#8221;35px&#8221;][vc_column_text] SEGEF can help build a culture of road safety in&hellip;\" \/>\n<meta property=\"og:url\" content=\"https:\/\/segef.pt\/en\/membership\/\" \/>\n<meta property=\"og:site_name\" content=\"Segef - SEGURAN\u00c7A GEST\u00c3O E EFICI\u00caNCIA, SOCIEDADE UNIPESSOAL LDA\" \/>\n<meta property=\"article:modified_time\" content=\"2023-10-30T15:49:16+00:00\" \/>\n<meta name=\"twitter:card\" content=\"summary_large_image\" \/>\n<meta name=\"twitter:label1\" content=\"Est. reading time\" \/>\n\t<meta name=\"twitter:data1\" content=\"1 minute\" \/>\n<script type=\"application\/ld+json\" class=\"yoast-schema-graph\">{\"@context\":\"https:\/\/schema.org\",\"@graph\":[{\"@type\":\"WebPage\",\"@id\":\"https:\/\/segef.pt\/en\/membership\/\",\"url\":\"https:\/\/segef.pt\/en\/membership\/\",\"name\":\"Membership - Segef - SEGURAN\u00c7A GEST\u00c3O E EFICI\u00caNCIA, SOCIEDADE UNIPESSOAL LDA\",\"isPartOf\":{\"@id\":\"https:\/\/segef.pt\/#website\"},\"datePublished\":\"2023-08-17T10:41:43+00:00\",\"dateModified\":\"2023-10-30T15:49:16+00:00\",\"breadcrumb\":{\"@id\":\"https:\/\/segef.pt\/en\/membership\/#breadcrumb\"},\"inLanguage\":\"en-US\",\"potentialAction\":[{\"@type\":\"ReadAction\",\"target\":[\"https:\/\/segef.pt\/en\/membership\/\"]}]},{\"@type\":\"BreadcrumbList\",\"@id\":\"https:\/\/segef.pt\/en\/membership\/#breadcrumb\",\"itemListElement\":[{\"@type\":\"ListItem\",\"position\":1,\"name\":\"Home\",\"item\":\"https:\/\/segef.pt\/en\/\"},{\"@type\":\"ListItem\",\"position\":2,\"name\":\"Membership\"}]},{\"@type\":\"WebSite\",\"@id\":\"https:\/\/segef.pt\/#website\",\"url\":\"https:\/\/segef.pt\/\",\"name\":\"Segef - SEGURAN\u00c7A GEST\u00c3O E EFICI\u00caNCIA, SOCIEDADE UNIPESSOAL LDA\",\"description\":\"\",\"potentialAction\":[{\"@type\":\"SearchAction\",\"target\":{\"@type\":\"EntryPoint\",\"urlTemplate\":\"https:\/\/segef.pt\/?s={search_term_string}\"},\"query-input\":\"required name=search_term_string\"}],\"inLanguage\":\"en-US\"}]}<\/script>\n<!-- \/ Yoast SEO plugin. -->","yoast_head_json":{"title":"Membership - Segef - SEGURAN\u00c7A GEST\u00c3O E EFICI\u00caNCIA, SOCIEDADE UNIPESSOAL LDA","robots":{"index":"index","follow":"follow","max-snippet":"max-snippet:-1","max-image-preview":"max-image-preview:large","max-video-preview":"max-video-preview:-1"},"canonical":"https:\/\/segef.pt\/en\/membership\/","og_locale":"en_US","og_type":"article","og_title":"Membership - Segef - SEGURAN\u00c7A GEST\u00c3O E EFICI\u00caNCIA, SOCIEDADE UNIPESSOAL LDA","og_description":"[vc_row css=&#8221;.vc_custom_1692269374856{padding-top: 70px !important;padding-bottom: 80px !important;background-color: #f7f7f7 !important;}&#8221; el_class=&#8221;adesao&#8221;][vc_column][vc_empty_space height=&#8221;35px&#8221;][vc_column_text] SEGEF can help build a culture of road safety in&hellip;","og_url":"https:\/\/segef.pt\/en\/membership\/","og_site_name":"Segef - SEGURAN\u00c7A GEST\u00c3O E EFICI\u00caNCIA, SOCIEDADE UNIPESSOAL LDA","article_modified_time":"2023-10-30T15:49:16+00:00","twitter_card":"summary_large_image","twitter_misc":{"Est. reading time":"1 minute"},"schema":{"@context":"https:\/\/schema.org","@graph":[{"@type":"WebPage","@id":"https:\/\/segef.pt\/en\/membership\/","url":"https:\/\/segef.pt\/en\/membership\/","name":"Membership - Segef - SEGURAN\u00c7A GEST\u00c3O E EFICI\u00caNCIA, SOCIEDADE UNIPESSOAL LDA","isPartOf":{"@id":"https:\/\/segef.pt\/#website"},"datePublished":"2023-08-17T10:41:43+00:00","dateModified":"2023-10-30T15:49:16+00:00","breadcrumb":{"@id":"https:\/\/segef.pt\/en\/membership\/#breadcrumb"},"inLanguage":"en-US","potentialAction":[{"@type":"ReadAction","target":["https:\/\/segef.pt\/en\/membership\/"]}]},{"@type":"BreadcrumbList","@id":"https:\/\/segef.pt\/en\/membership\/#breadcrumb","itemListElement":[{"@type":"ListItem","position":1,"name":"Home","item":"https:\/\/segef.pt\/en\/"},{"@type":"ListItem","position":2,"name":"Membership"}]},{"@type":"WebSite","@id":"https:\/\/segef.pt\/#website","url":"https:\/\/segef.pt\/","name":"Segef - SEGURAN\u00c7A GEST\u00c3O E EFICI\u00caNCIA, SOCIEDADE UNIPESSOAL LDA","description":"","potentialAction":[{"@type":"SearchAction","target":{"@type":"EntryPoint","urlTemplate":"https:\/\/segef.pt\/?s={search_term_string}"},"query-input":"required name=search_term_string"}],"inLanguage":"en-US"}]}},"_links":{"self":[{"href":"https:\/\/segef.pt\/en\/wp-json\/wp\/v2\/pages\/2639"}],"collection":[{"href":"https:\/\/segef.pt\/en\/wp-json\/wp\/v2\/pages"}],"about":[{"href":"https:\/\/segef.pt\/en\/wp-json\/wp\/v2\/types\/page"}],"author":[{"embeddable":true,"href":"https:\/\/segef.pt\/en\/wp-json\/wp\/v2\/users\/1"}],"replies":[{"embeddable":true,"href":"https:\/\/segef.pt\/en\/wp-json\/wp\/v2\/comments?post=2639"}],"version-history":[{"count":6,"href":"https:\/\/segef.pt\/en\/wp-json\/wp\/v2\/pages\/2639\/revisions"}],"predecessor-version":[{"id":3408,"href":"https:\/\/segef.pt\/en\/wp-json\/wp\/v2\/pages\/2639\/revisions\/3408"}],"wp:attachment":[{"href":"https:\/\/segef.pt\/en\/wp-json\/wp\/v2\/media?parent=2639"}],"curies":[{"name":"wp","href":"https:\/\/api.w.org\/{rel}","templated":true}]}}