{"id":2645,"date":"2023-08-18T10:21:28","date_gmt":"2023-08-18T10:21:28","guid":{"rendered":"https:\/\/segef.pt\/o-nosso-trabalho\/"},"modified":"2023-10-03T10:59:09","modified_gmt":"2023-10-03T10:59:09","slug":"our-work","status":"publish","type":"page","link":"https:\/\/segef.pt\/en\/our-work\/","title":{"rendered":"Our Work"},"content":{"rendered":"<section class=\"wpb-content-wrapper\"><p>[vc_row css=&#8221;.vc_custom_1692354275781{padding-top: 60px !important;}&#8221;][vc_column]<div class=\"fh-section-title clearfix  text-center version-dark\"><h2 style=\"font-size: 36px\">Highlights<\/h2><\/div>[vc_column_text css=&#8221;.vc_custom_1693564141096{padding-top: 30px !important;}&#8221;]<\/p>\n<p style=\"font-weight: 400;\">The focus of our work is all users (professional users or non-professional users) as defined by the ETSC (European Transport Safety Council).<\/p>\n<p style=\"font-weight: 400;\">We can consider Professional Users :<\/p>\n<ul>\n<li style=\"font-weight: 400;\">Professional drivers such as drivers of heavy vehicles, passenger and goods vehicles, distribution)<\/li>\n<li style=\"font-weight: 400;\">Professional Travelers as professionals in the commercial areas, service technicians ,assistance, authorities, other workers on business trips)<\/li>\n<li style=\"font-weight: 400;\">Road maintenance workers, emergency personnel<\/li>\n<\/ul>\n<p style=\"font-weight: 400;\">And Users outside the professional activity:<\/p>\n<ul>\n<li style=\"font-weight: 400;\">When commuting home \/ work<\/li>\n<li style=\"font-weight: 400;\">Third parties who are involved in accidents<\/li>\n<\/ul>\n<p>[\/vc_column_text][\/vc_column][\/vc_row][vc_row css=&#8221;.vc_custom_1692276258385{padding-top: 60px !important;}&#8221;][vc_column width=&#8221;1\/3&#8243;]<div class=\"fh-service-box-2 icon-type-image box-style-2 \">\n\t\t\t\t<div class=\"box-thumb\"><img class=\"\" src=\"https:\/\/segef.pt\/wp-content\/uploads\/2023\/08\/homem-dirigindo-carro-usando-uma-mao-scaled-370x200.jpg\" width=\"370\" height=\"200\" alt=\"Man driving car using one hand\" title=\"Man driving car using one hand\" \/><\/div>\n\t\t\t\t<div class=\"box-wrapper\">\n\t\t\t\t\t<div class=\"box-header clearfix\"><h4 class=\"box-title\">Habitual Drivers<\/h4><\/div>\n\t\t\t\t\t\n\t\t\t\t\t<a href=\"https:\/\/segef.pt\/en\/our-work\/habitual-drivers\/\" target=\"_blank\" rel=\"\" title=\"Know More\" class=\"read-more\">Know More<\/a>\n\t\t\t\t<\/div>\n\t\t\t<\/div>[\/vc_column][vc_column width=&#8221;1\/3&#8243;]<div class=\"fh-service-box-2 icon-type-image box-style-2 \">\n\t\t\t\t<div class=\"box-thumb\"><img class=\"\" src=\"https:\/\/segef.pt\/wp-content\/uploads\/2023\/08\/estrada-nos-acores-scaled-370x200.jpg\" width=\"370\" height=\"200\" alt=\"estrada-nos-acores\" title=\"estrada-nos-acores\" \/><\/div>\n\t\t\t\t<div class=\"box-wrapper\">\n\t\t\t\t\t<div class=\"box-header clearfix\"><h4 class=\"box-title\">The Sustainable Development Goals and Business Fleets<\/h4><\/div>\n\t\t\t\t\t\n\t\t\t\t\t<a href=\"https:\/\/segef.pt\/en\/our-work\/the-sustainable-development-goals-and-business-fleets\/\" target=\"_blank\" rel=\"\" title=\"Know More\" class=\"read-more\">Know More<\/a>\n\t\t\t\t<\/div>\n\t\t\t<\/div>[\/vc_column][vc_column width=&#8221;1\/3&#8243;]<div class=\"fh-service-box-2 icon-type-image box-style-2 \">\n\t\t\t\t<div class=\"box-thumb\"><img class=\"\" src=\"https:\/\/segef.pt\/wp-content\/uploads\/2023\/08\/bela-paisagem-de-estrada-de-montanha-scaled-370x200.jpg\" width=\"370\" height=\"200\" alt=\"bela-paisagem-de-estrada-de-montanha\" title=\"bela-paisagem-de-estrada-de-montanha\" \/><\/div>\n\t\t\t\t<div class=\"box-wrapper\">\n\t\t\t\t\t<div class=\"box-header clearfix\"><h4 class=\"box-title\">Possible Gains in the Intervention<\/h4><\/div>\n\t\t\t\t\t\n\t\t\t\t\t<a href=\"https:\/\/segef.pt\/en\/our-work\/possible-gains-in-the-intervention\/\" target=\"_blank\" rel=\"\" title=\"Know More\" class=\"read-more\">Know More<\/a>\n\t\t\t\t<\/div>\n\t\t\t<\/div>[\/vc_column][\/vc_row]<\/p>\n<\/section>","protected":false},"excerpt":{"rendered":"<p>[vc_row css=&#8221;.vc_custom_1692354275781{padding-top: 60px !important;}&#8221;][vc_column][vc_column_text css=&#8221;.vc_custom_1693564141096{padding-top: 30px !important;}&#8221;] The focus of our work is all users (professional users or non-professional users)&hellip;<\/p>\n","protected":false},"author":1,"featured_media":0,"parent":0,"menu_order":0,"comment_status":"closed","ping_status":"closed","template":"template-fullwidth.php","meta":{"footnotes":""},"acf":[],"yoast_head":"<!-- This site is optimized with the Yoast SEO plugin v21.5 - https:\/\/yoast.com\/wordpress\/plugins\/seo\/ -->\n<title>Our Work - Segef - SEGURAN\u00c7A GEST\u00c3O E EFICI\u00caNCIA, SOCIEDADE UNIPESSOAL LDA<\/title>\n<meta name=\"robots\" content=\"index, follow, max-snippet:-1, max-image-preview:large, max-video-preview:-1\" \/>\n<link rel=\"canonical\" href=\"https:\/\/segef.pt\/en\/our-work\/\" \/>\n<meta property=\"og:locale\" content=\"en_US\" \/>\n<meta property=\"og:type\" content=\"article\" \/>\n<meta property=\"og:title\" content=\"Our Work - Segef - SEGURAN\u00c7A GEST\u00c3O E EFICI\u00caNCIA, SOCIEDADE UNIPESSOAL LDA\" \/>\n<meta property=\"og:description\" content=\"[vc_row css=&#8221;.vc_custom_1692354275781{padding-top: 60px !important;}&#8221;][vc_column][vc_column_text css=&#8221;.vc_custom_1693564141096{padding-top: 30px !important;}&#8221;] The focus of our work is all users (professional users or non-professional users)&hellip;\" \/>\n<meta property=\"og:url\" content=\"https:\/\/segef.pt\/en\/our-work\/\" \/>\n<meta property=\"og:site_name\" content=\"Segef - SEGURAN\u00c7A GEST\u00c3O E EFICI\u00caNCIA, SOCIEDADE UNIPESSOAL LDA\" \/>\n<meta property=\"article:modified_time\" content=\"2023-10-03T10:59:09+00:00\" \/>\n<meta name=\"twitter:card\" content=\"summary_large_image\" \/>\n<meta name=\"twitter:label1\" content=\"Est. reading time\" \/>\n\t<meta name=\"twitter:data1\" content=\"1 minute\" \/>\n<script type=\"application\/ld+json\" class=\"yoast-schema-graph\">{\"@context\":\"https:\/\/schema.org\",\"@graph\":[{\"@type\":\"WebPage\",\"@id\":\"https:\/\/segef.pt\/en\/our-work\/\",\"url\":\"https:\/\/segef.pt\/en\/our-work\/\",\"name\":\"Our Work - Segef - SEGURAN\u00c7A GEST\u00c3O E EFICI\u00caNCIA, SOCIEDADE UNIPESSOAL LDA\",\"isPartOf\":{\"@id\":\"https:\/\/segef.pt\/#website\"},\"datePublished\":\"2023-08-18T10:21:28+00:00\",\"dateModified\":\"2023-10-03T10:59:09+00:00\",\"breadcrumb\":{\"@id\":\"https:\/\/segef.pt\/en\/our-work\/#breadcrumb\"},\"inLanguage\":\"en-US\",\"potentialAction\":[{\"@type\":\"ReadAction\",\"target\":[\"https:\/\/segef.pt\/en\/our-work\/\"]}]},{\"@type\":\"BreadcrumbList\",\"@id\":\"https:\/\/segef.pt\/en\/our-work\/#breadcrumb\",\"itemListElement\":[{\"@type\":\"ListItem\",\"position\":1,\"name\":\"Home\",\"item\":\"https:\/\/segef.pt\/en\/\"},{\"@type\":\"ListItem\",\"position\":2,\"name\":\"Our Work\"}]},{\"@type\":\"WebSite\",\"@id\":\"https:\/\/segef.pt\/#website\",\"url\":\"https:\/\/segef.pt\/\",\"name\":\"Segef - SEGURAN\u00c7A GEST\u00c3O E EFICI\u00caNCIA, SOCIEDADE UNIPESSOAL LDA\",\"description\":\"\",\"potentialAction\":[{\"@type\":\"SearchAction\",\"target\":{\"@type\":\"EntryPoint\",\"urlTemplate\":\"https:\/\/segef.pt\/?s={search_term_string}\"},\"query-input\":\"required name=search_term_string\"}],\"inLanguage\":\"en-US\"}]}<\/script>\n<!-- \/ Yoast SEO plugin. -->","yoast_head_json":{"title":"Our Work - Segef - SEGURAN\u00c7A GEST\u00c3O E EFICI\u00caNCIA, SOCIEDADE UNIPESSOAL LDA","robots":{"index":"index","follow":"follow","max-snippet":"max-snippet:-1","max-image-preview":"max-image-preview:large","max-video-preview":"max-video-preview:-1"},"canonical":"https:\/\/segef.pt\/en\/our-work\/","og_locale":"en_US","og_type":"article","og_title":"Our Work - Segef - SEGURAN\u00c7A GEST\u00c3O E EFICI\u00caNCIA, SOCIEDADE UNIPESSOAL LDA","og_description":"[vc_row css=&#8221;.vc_custom_1692354275781{padding-top: 60px !important;}&#8221;][vc_column][vc_column_text css=&#8221;.vc_custom_1693564141096{padding-top: 30px !important;}&#8221;] The focus of our work is all users (professional users or non-professional users)&hellip;","og_url":"https:\/\/segef.pt\/en\/our-work\/","og_site_name":"Segef - SEGURAN\u00c7A GEST\u00c3O E EFICI\u00caNCIA, SOCIEDADE UNIPESSOAL LDA","article_modified_time":"2023-10-03T10:59:09+00:00","twitter_card":"summary_large_image","twitter_misc":{"Est. reading time":"1 minute"},"schema":{"@context":"https:\/\/schema.org","@graph":[{"@type":"WebPage","@id":"https:\/\/segef.pt\/en\/our-work\/","url":"https:\/\/segef.pt\/en\/our-work\/","name":"Our Work - Segef - SEGURAN\u00c7A GEST\u00c3O E EFICI\u00caNCIA, SOCIEDADE UNIPESSOAL LDA","isPartOf":{"@id":"https:\/\/segef.pt\/#website"},"datePublished":"2023-08-18T10:21:28+00:00","dateModified":"2023-10-03T10:59:09+00:00","breadcrumb":{"@id":"https:\/\/segef.pt\/en\/our-work\/#breadcrumb"},"inLanguage":"en-US","potentialAction":[{"@type":"ReadAction","target":["https:\/\/segef.pt\/en\/our-work\/"]}]},{"@type":"BreadcrumbList","@id":"https:\/\/segef.pt\/en\/our-work\/#breadcrumb","itemListElement":[{"@type":"ListItem","position":1,"name":"Home","item":"https:\/\/segef.pt\/en\/"},{"@type":"ListItem","position":2,"name":"Our Work"}]},{"@type":"WebSite","@id":"https:\/\/segef.pt\/#website","url":"https:\/\/segef.pt\/","name":"Segef - SEGURAN\u00c7A GEST\u00c3O E EFICI\u00caNCIA, SOCIEDADE UNIPESSOAL LDA","description":"","potentialAction":[{"@type":"SearchAction","target":{"@type":"EntryPoint","urlTemplate":"https:\/\/segef.pt\/?s={search_term_string}"},"query-input":"required name=search_term_string"}],"inLanguage":"en-US"}]}},"_links":{"self":[{"href":"https:\/\/segef.pt\/en\/wp-json\/wp\/v2\/pages\/2645"}],"collection":[{"href":"https:\/\/segef.pt\/en\/wp-json\/wp\/v2\/pages"}],"about":[{"href":"https:\/\/segef.pt\/en\/wp-json\/wp\/v2\/types\/page"}],"author":[{"embeddable":true,"href":"https:\/\/segef.pt\/en\/wp-json\/wp\/v2\/users\/1"}],"replies":[{"embeddable":true,"href":"https:\/\/segef.pt\/en\/wp-json\/wp\/v2\/comments?post=2645"}],"version-history":[{"count":9,"href":"https:\/\/segef.pt\/en\/wp-json\/wp\/v2\/pages\/2645\/revisions"}],"predecessor-version":[{"id":3348,"href":"https:\/\/segef.pt\/en\/wp-json\/wp\/v2\/pages\/2645\/revisions\/3348"}],"wp:attachment":[{"href":"https:\/\/segef.pt\/en\/wp-json\/wp\/v2\/media?parent=2645"}],"curies":[{"name":"wp","href":"https:\/\/api.w.org\/{rel}","templated":true}]}}