{"id":2646,"date":"2017-07-25T09:27:33","date_gmt":"2017-07-25T09:27:33","guid":{"rendered":"https:\/\/segef.pt\/home-page-1\/"},"modified":"2025-06-03T09:55:25","modified_gmt":"2025-06-03T09:55:25","slug":"home-page-1","status":"publish","type":"page","link":"https:\/\/segef.pt\/en\/","title":{"rendered":"Home"},"content":{"rendered":"<section class=\"wpb-content-wrapper\"><p>[vc_row full_width=&#8221;stretch_row_content_no_spaces&#8221;][vc_column][rev_slider_vc alias=&#8221;slider_11&#8243;][\/vc_column][\/vc_row][vc_row css=&#8221;.vc_custom_1499761006039{padding-top: 65px !important;padding-bottom: 50px !important;}&#8221;][vc_column]<div class=\"fh-section-title clearfix  text-center version-dark\"><h2 style=\"font-size: 36px\">Welcome to SEGEF<\/h2><\/div>[vc_column_text css=&#8221;.vc_custom_1693563911890{padding-top: 20px !important;padding-bottom: 55px !important;}&#8221;]<\/p>\n<div class=\"intro-hp1\" style=\"text-align: center; width: 60%; margin: 0 auto;\">\n<p>Contact us to find out how we can help your business reduce costs and increase road safety.<\/p>\n<p>Operational efficiency and sustainability require road safety!!<\/p>\n<\/div>\n<p>[\/vc_column_text][vc_row_inner][vc_column_inner offset=&#8221;vc_col-lg-4 vc_col-md-6&#8243;]<div class=\"fh-icon-box icon-type-theme_icon style-1 version-dark hide-button icon-left  \" style=\"background-image: url()\"><span class=\"fh-icon\"><i class=\"flaticon-people-3\"><\/i><\/span><h4 class=\"box-title\"><a href=\"https:\/\/segef.pt\/en\/service\/consulting\/\">Consultancy<\/a><\/h4><\/div>[\/vc_column_inner][vc_column_inner offset=&#8221;vc_col-lg-4 vc_col-md-6&#8243;]<div class=\"fh-icon-box icon-type-theme_icon style-1 version-dark hide-button icon-left  \" style=\"background-image: url()\"><span class=\"fh-icon\"><i class=\"fa fa-graduation-cap\"><\/i><\/span><h4 class=\"box-title\"><a href=\"https:\/\/segef.pt\/en\/service\/training\/\">Training<\/a><\/h4><\/div>[\/vc_column_inner][vc_column_inner offset=&#8221;vc_col-lg-4 vc_col-md-6&#8243;]<div class=\"fh-icon-box icon-type-theme_icon style-1 version-dark hide-button icon-left  \" style=\"background-image: url()\"><span class=\"fh-icon\"><i class=\"factory-tool\"><\/i><\/span><h4 class=\"box-title\"><a href=\"https:\/\/segef.pt\/en\/service\/special-projects\/\">Special projects<\/a><\/h4><\/div>[\/vc_column_inner][\/vc_row_inner][vc_row_inner][vc_column_inner css=&#8221;.vc_custom_1748944523869{margin-top: -30px !important;}&#8221;][vc_single_image image=&#8221;3573&#8243; img_size=&#8221;medium&#8221; alignment=&#8221;center&#8221;][\/vc_column_inner][\/vc_row_inner][\/vc_column][\/vc_row][vc_row enable_parallax=&#8221;yes&#8221; overlay=&#8221;rgba(85,127,0,0.36)&#8221; css=&#8221;.vc_custom_1694100192368{padding-top: 110px !important;padding-bottom: 110px !important;background-image: url(https:\/\/segef.pt\/wp-content\/uploads\/2023\/08\/car-rides-road-among-forest-top-view-scaled.jpg?id=2669) !important;}&#8221;][vc_column][vc_column_text css=&#8221;.vc_custom_1693415643600{padding-bottom: 40px !important;}&#8221;]<\/p>\n<h2 class=\"count-title\" style=\"color: #fff; font-size: 48px; font-weight: 600; text-align: center; margin: 0; padding: 0 65px; line-height: 1.3;\">SEGEF DEVELOPS AND DELIVERS SOLUTIONS FOR THE EFFICIENCY AND SAFETY OF AUTOMOTIVE FLEETS<\/h2>\n<p>[\/vc_column_text][vc_row_inner el_class=&#8221;rowGreen&#8221;][vc_column_inner width=&#8221;1\/6&#8243; offset=&#8221;vc_hidden-md vc_hidden-sm vc_hidden-xs&#8221;][\/vc_column_inner][vc_column_inner offset=&#8221;vc_col-lg-2 vc_col-md-6&#8243;]<div class=\"fh-counter icon-type-none icon-top \">\n\t\t\t\t\n\t            <div class=\"counter\">\n\t                <div class=\"value\">1<\/div>\n\t                <h4>Development of road safety programs<\/h4>\n\t            <\/div>\n\t        <\/div>[\/vc_column_inner][vc_column_inner offset=&#8221;vc_col-lg-2 vc_col-md-6&#8243;]<div class=\"fh-counter icon-type-none icon-top \">\n\t\t\t\t\n\t            <div class=\"counter\">\n\t                <div class=\"value\">1<\/div>\n\t                <h4>Tens of thousands of vehicles and workers covered<\/h4>\n\t            <\/div>\n\t        <\/div>[\/vc_column_inner][vc_column_inner offset=&#8221;vc_col-lg-2 vc_col-md-6&#8243;]<div class=\"fh-counter icon-type-none icon-top \">\n\t\t\t\t\n\t            <div class=\"counter\">\n\t                <div class=\"value\">1<\/div>\n\t                <h4>Reduction of fleet accidents<\/h4>\n\t            <\/div>\n\t        <\/div>[\/vc_column_inner][vc_column_inner offset=&#8221;vc_col-lg-2 vc_col-md-6&#8243;]<div class=\"fh-counter icon-type-none icon-top \">\n\t\t\t\t\n\t            <div class=\"counter\">\n\t                <div class=\"value\">1<\/div>\n\t                <h4>Increased fleet efficiency<\/h4>\n\t            <\/div>\n\t        <\/div>[\/vc_column_inner][vc_column_inner width=&#8221;1\/6&#8243; offset=&#8221;vc_hidden-md vc_hidden-sm vc_hidden-xs&#8221;][\/vc_column_inner][\/vc_row_inner][\/vc_column][\/vc_row][vc_row css=&#8221;.vc_custom_1693905202128{padding-top: 70px !important;padding-bottom: 50px !important;}&#8221; el_class=&#8221;articlesHome&#8221;][vc_column][vc_column_text]<div class=\"fh-section-title clearfix  text-left version-dark\">\n                            <h2 style=\"font-size: 36px\">Latest Articles<\/h2>\n                        <\/div>[\/vc_column_text][vc_row_inner css=&#8221;.vc_custom_1500447037234{margin-top: -60px !important;}&#8221;][vc_column_inner]<div class=\"fh-latest-post  grid\">\n                <div class=\"post-list row\" id=\"post-slider-69eb5db895b06\"><div class=\"item-latest-post clearfix  column-3 col-xs-6 col-sm-6 col-md-4\">\n\t\t\t\t\t<div class=\"entry-thumbnail\">\n\t\t\t\t\t\t<a href=\"https:\/\/segef.pt\/en\/efeito-mola-quando-a-chuva-trava-mas-o-sol-volta-a-acelerar-o-risco\/\"><img width=\"540\" height=\"360\" src=\"https:\/\/segef.pt\/wp-content\/uploads\/2026\/04\/1773862774386-540x360.jpg\" class=\"attachment-cargohub-blog-grid-thumb-3 size-cargohub-blog-grid-thumb-3 wp-post-image\" alt=\"\" decoding=\"async\" srcset=\"https:\/\/segef.pt\/wp-content\/uploads\/2026\/04\/1773862774386-540x360.jpg 540w, https:\/\/segef.pt\/wp-content\/uploads\/2026\/04\/1773862774386-300x200.jpg 300w, https:\/\/segef.pt\/wp-content\/uploads\/2026\/04\/1773862774386-768x512.jpg 768w, https:\/\/segef.pt\/wp-content\/uploads\/2026\/04\/1773862774386.jpg 800w\" sizes=\"(max-width: 540px) 100vw, 540px\" \/><\/a>\n\t\t\t\t\t\t<div class=\"entry-time\">\n\t\t\t\t\t\t\t<span class=\"day\">20<\/span>\n\t\t\t\t\t\t\t<span class=\"month\">Mar<\/span>\n\t\t\t\t\t\t<\/div>\n\t\t\t\t\t<\/div>\n\t\t\t\t\t<div class=\"entry-summary\">\n\t\t\t\t\t\t<div class=\"entry-meta clearfix\">\n\t\t\t\t\t\t\t<span class=\"meta author\">by <a href=\"https:\/\/segef.pt\/en\/author\/administrador\/\">Administrador<\/a><\/span>\n\t\t\t\t\t\t\t<span class=\"meta cat-links\"><a href=\"https:\/\/segef.pt\/en\/category\/2026-en\/\" rel=\"category tag\">2026<\/a><\/span>\n\t\t\t\t\t\t<\/div>\n\t\t\t\t\t\t<h2 class=\"entry-title\"><a href=\"https:\/\/segef.pt\/en\/efeito-mola-quando-a-chuva-trava-mas-o-sol-volta-a-acelerar-o-risco\/\">The rebound effect: when the rain slows things down, but the sun speeds up the risk again<\/a><\/h2>\n\t\t\t\t\t\t<div class=\"entry-footer\">\n\t\t\t\t\t\t\t<a href=\"https:\/\/segef.pt\/en\/efeito-mola-quando-a-chuva-trava-mas-o-sol-volta-a-acelerar-o-risco\/\">Read more<\/a>\n\t\t\t\t\t\t<\/div>\n\t\t\t\t\t<\/div>\n\t\t\t\t<\/div><div class=\"item-latest-post clearfix  column-3 col-xs-6 col-sm-6 col-md-4\">\n\t\t\t\t\t<div class=\"entry-thumbnail\">\n\t\t\t\t\t\t<a href=\"https:\/\/segef.pt\/en\/os-numeros-dos-veiculos-de-duas-rodas-nao-impressionam-apenas-incomodam-e-deviam-preocupar-muito-mais\/\"><img width=\"540\" height=\"360\" src=\"https:\/\/segef.pt\/wp-content\/uploads\/2026\/03\/1773432326362-540x360.jpg\" class=\"attachment-cargohub-blog-grid-thumb-3 size-cargohub-blog-grid-thumb-3 wp-post-image\" alt=\"\" decoding=\"async\" srcset=\"https:\/\/segef.pt\/wp-content\/uploads\/2026\/03\/1773432326362-540x360.jpg 540w, https:\/\/segef.pt\/wp-content\/uploads\/2026\/03\/1773432326362-300x200.jpg 300w, https:\/\/segef.pt\/wp-content\/uploads\/2026\/03\/1773432326362-768x512.jpg 768w, https:\/\/segef.pt\/wp-content\/uploads\/2026\/03\/1773432326362.jpg 800w\" sizes=\"(max-width: 540px) 100vw, 540px\" \/><\/a>\n\t\t\t\t\t\t<div class=\"entry-time\">\n\t\t\t\t\t\t\t<span class=\"day\">20<\/span>\n\t\t\t\t\t\t\t<span class=\"month\">Mar<\/span>\n\t\t\t\t\t\t<\/div>\n\t\t\t\t\t<\/div>\n\t\t\t\t\t<div class=\"entry-summary\">\n\t\t\t\t\t\t<div class=\"entry-meta clearfix\">\n\t\t\t\t\t\t\t<span class=\"meta author\">by <a href=\"https:\/\/segef.pt\/en\/author\/administrador\/\">Administrador<\/a><\/span>\n\t\t\t\t\t\t\t<span class=\"meta cat-links\"><a href=\"https:\/\/segef.pt\/en\/category\/2026-en\/\" rel=\"category tag\">2026<\/a><\/span>\n\t\t\t\t\t\t<\/div>\n\t\t\t\t\t\t<h2 class=\"entry-title\"><a href=\"https:\/\/segef.pt\/en\/os-numeros-dos-veiculos-de-duas-rodas-nao-impressionam-apenas-incomodam-e-deviam-preocupar-muito-mais\/\">The statistics on two-wheeled vehicles aren\u2019t just alarming. They\u2019re troubling. And they should be a cause for much greater concern.<\/a><\/h2>\n\t\t\t\t\t\t<div class=\"entry-footer\">\n\t\t\t\t\t\t\t<a href=\"https:\/\/segef.pt\/en\/os-numeros-dos-veiculos-de-duas-rodas-nao-impressionam-apenas-incomodam-e-deviam-preocupar-muito-mais\/\">Read more<\/a>\n\t\t\t\t\t\t<\/div>\n\t\t\t\t\t<\/div>\n\t\t\t\t<\/div><div class=\"item-latest-post clearfix  column-3 col-xs-6 col-sm-6 col-md-4\">\n\t\t\t\t\t<div class=\"entry-thumbnail\">\n\t\t\t\t\t\t<a href=\"https:\/\/segef.pt\/en\/%e2%9c%a8the-emobility-expo-world-congress-mow-2026-is-almost-here\/\"><img width=\"540\" height=\"360\" src=\"https:\/\/segef.pt\/wp-content\/uploads\/2026\/04\/1772803313192-540x360.jpg\" class=\"attachment-cargohub-blog-grid-thumb-3 size-cargohub-blog-grid-thumb-3 wp-post-image\" alt=\"\" decoding=\"async\" \/><\/a>\n\t\t\t\t\t\t<div class=\"entry-time\">\n\t\t\t\t\t\t\t<span class=\"day\">06<\/span>\n\t\t\t\t\t\t\t<span class=\"month\">Mar<\/span>\n\t\t\t\t\t\t<\/div>\n\t\t\t\t\t<\/div>\n\t\t\t\t\t<div class=\"entry-summary\">\n\t\t\t\t\t\t<div class=\"entry-meta clearfix\">\n\t\t\t\t\t\t\t<span class=\"meta author\">by <a href=\"https:\/\/segef.pt\/en\/author\/administrador\/\">Administrador<\/a><\/span>\n\t\t\t\t\t\t\t<span class=\"meta cat-links\"><a href=\"https:\/\/segef.pt\/en\/category\/2026-en\/\" rel=\"category tag\">2026<\/a><\/span>\n\t\t\t\t\t\t<\/div>\n\t\t\t\t\t\t<h2 class=\"entry-title\"><a href=\"https:\/\/segef.pt\/en\/%e2%9c%a8the-emobility-expo-world-congress-mow-2026-is-almost-here\/\">\u2728The eMobility Expo World Congress \u2013 MOW 2026 is almost here.<\/a><\/h2>\n\t\t\t\t\t\t<div class=\"entry-footer\">\n\t\t\t\t\t\t\t<a href=\"https:\/\/segef.pt\/en\/%e2%9c%a8the-emobility-expo-world-congress-mow-2026-is-almost-here\/\">Read more<\/a>\n\t\t\t\t\t\t<\/div>\n\t\t\t\t\t<\/div>\n\t\t\t\t<\/div><\/div>\n            <\/div>[\/vc_column_inner][\/vc_row_inner][\/vc_column][\/vc_row]<\/p>\n<\/section>","protected":false},"excerpt":{"rendered":"<p>[vc_row full_width=&#8221;stretch_row_content_no_spaces&#8221;][vc_column][rev_slider_vc alias=&#8221;slider_11&#8243;][\/vc_column][\/vc_row][vc_row css=&#8221;.vc_custom_1499761006039{padding-top: 65px !important;padding-bottom: 50px !important;}&#8221;][vc_column][vc_column_text css=&#8221;.vc_custom_1693563911890{padding-top: 20px !important;padding-bottom: 55px !important;}&#8221;] Contact us to find out how we&hellip;<\/p>\n","protected":false},"author":1,"featured_media":0,"parent":0,"menu_order":0,"comment_status":"closed","ping_status":"closed","template":"template-homepage.php","meta":{"footnotes":""},"acf":[],"yoast_head":"<!-- This site is optimized with the Yoast SEO plugin v21.5 - https:\/\/yoast.com\/wordpress\/plugins\/seo\/ -->\n<title>Home - Segef - SEGURAN\u00c7A GEST\u00c3O E EFICI\u00caNCIA, SOCIEDADE UNIPESSOAL LDA<\/title>\n<meta name=\"robots\" content=\"index, follow, max-snippet:-1, max-image-preview:large, max-video-preview:-1\" \/>\n<link rel=\"canonical\" href=\"https:\/\/segef.pt\/en\/\" \/>\n<meta property=\"og:locale\" content=\"en_US\" \/>\n<meta property=\"og:type\" content=\"article\" \/>\n<meta property=\"og:title\" content=\"Home - Segef - SEGURAN\u00c7A GEST\u00c3O E EFICI\u00caNCIA, SOCIEDADE UNIPESSOAL LDA\" \/>\n<meta property=\"og:description\" content=\"[vc_row full_width=&#8221;stretch_row_content_no_spaces&#8221;][vc_column][rev_slider_vc alias=&#8221;slider_11&#8243;][\/vc_column][\/vc_row][vc_row css=&#8221;.vc_custom_1499761006039{padding-top: 65px !important;padding-bottom: 50px !important;}&#8221;][vc_column][vc_column_text css=&#8221;.vc_custom_1693563911890{padding-top: 20px !important;padding-bottom: 55px !important;}&#8221;] Contact us to find out how we&hellip;\" \/>\n<meta property=\"og:url\" content=\"https:\/\/segef.pt\/en\/\" \/>\n<meta property=\"og:site_name\" content=\"Segef - SEGURAN\u00c7A GEST\u00c3O E EFICI\u00caNCIA, SOCIEDADE UNIPESSOAL LDA\" \/>\n<meta property=\"article:modified_time\" content=\"2025-06-03T09:55:25+00:00\" \/>\n<meta name=\"twitter:card\" content=\"summary_large_image\" \/>\n<meta name=\"twitter:label1\" content=\"Est. reading time\" \/>\n\t<meta name=\"twitter:data1\" content=\"1 minute\" \/>\n<script type=\"application\/ld+json\" class=\"yoast-schema-graph\">{\"@context\":\"https:\/\/schema.org\",\"@graph\":[{\"@type\":\"WebPage\",\"@id\":\"https:\/\/segef.pt\/en\/\",\"url\":\"https:\/\/segef.pt\/en\/\",\"name\":\"Home - Segef - SEGURAN\u00c7A GEST\u00c3O E EFICI\u00caNCIA, SOCIEDADE UNIPESSOAL LDA\",\"isPartOf\":{\"@id\":\"https:\/\/segef.pt\/#website\"},\"datePublished\":\"2017-07-25T09:27:33+00:00\",\"dateModified\":\"2025-06-03T09:55:25+00:00\",\"breadcrumb\":{\"@id\":\"https:\/\/segef.pt\/en\/#breadcrumb\"},\"inLanguage\":\"en-US\",\"potentialAction\":[{\"@type\":\"ReadAction\",\"target\":[\"https:\/\/segef.pt\/en\/\"]}]},{\"@type\":\"BreadcrumbList\",\"@id\":\"https:\/\/segef.pt\/en\/#breadcrumb\",\"itemListElement\":[{\"@type\":\"ListItem\",\"position\":1,\"name\":\"Home\",\"item\":\"https:\/\/segef.pt\/en\/\"},{\"@type\":\"ListItem\",\"position\":2,\"name\":\"Home\"}]},{\"@type\":\"WebSite\",\"@id\":\"https:\/\/segef.pt\/#website\",\"url\":\"https:\/\/segef.pt\/\",\"name\":\"Segef - SEGURAN\u00c7A GEST\u00c3O E EFICI\u00caNCIA, SOCIEDADE UNIPESSOAL LDA\",\"description\":\"\",\"potentialAction\":[{\"@type\":\"SearchAction\",\"target\":{\"@type\":\"EntryPoint\",\"urlTemplate\":\"https:\/\/segef.pt\/?s={search_term_string}\"},\"query-input\":\"required name=search_term_string\"}],\"inLanguage\":\"en-US\"}]}<\/script>\n<!-- \/ Yoast SEO plugin. -->","yoast_head_json":{"title":"Home - Segef - SEGURAN\u00c7A GEST\u00c3O E EFICI\u00caNCIA, SOCIEDADE UNIPESSOAL LDA","robots":{"index":"index","follow":"follow","max-snippet":"max-snippet:-1","max-image-preview":"max-image-preview:large","max-video-preview":"max-video-preview:-1"},"canonical":"https:\/\/segef.pt\/en\/","og_locale":"en_US","og_type":"article","og_title":"Home - Segef - SEGURAN\u00c7A GEST\u00c3O E EFICI\u00caNCIA, SOCIEDADE UNIPESSOAL LDA","og_description":"[vc_row full_width=&#8221;stretch_row_content_no_spaces&#8221;][vc_column][rev_slider_vc alias=&#8221;slider_11&#8243;][\/vc_column][\/vc_row][vc_row css=&#8221;.vc_custom_1499761006039{padding-top: 65px !important;padding-bottom: 50px !important;}&#8221;][vc_column][vc_column_text css=&#8221;.vc_custom_1693563911890{padding-top: 20px !important;padding-bottom: 55px !important;}&#8221;] Contact us to find out how we&hellip;","og_url":"https:\/\/segef.pt\/en\/","og_site_name":"Segef - SEGURAN\u00c7A GEST\u00c3O E EFICI\u00caNCIA, SOCIEDADE UNIPESSOAL LDA","article_modified_time":"2025-06-03T09:55:25+00:00","twitter_card":"summary_large_image","twitter_misc":{"Est. reading time":"1 minute"},"schema":{"@context":"https:\/\/schema.org","@graph":[{"@type":"WebPage","@id":"https:\/\/segef.pt\/en\/","url":"https:\/\/segef.pt\/en\/","name":"Home - Segef - SEGURAN\u00c7A GEST\u00c3O E EFICI\u00caNCIA, SOCIEDADE UNIPESSOAL LDA","isPartOf":{"@id":"https:\/\/segef.pt\/#website"},"datePublished":"2017-07-25T09:27:33+00:00","dateModified":"2025-06-03T09:55:25+00:00","breadcrumb":{"@id":"https:\/\/segef.pt\/en\/#breadcrumb"},"inLanguage":"en-US","potentialAction":[{"@type":"ReadAction","target":["https:\/\/segef.pt\/en\/"]}]},{"@type":"BreadcrumbList","@id":"https:\/\/segef.pt\/en\/#breadcrumb","itemListElement":[{"@type":"ListItem","position":1,"name":"Home","item":"https:\/\/segef.pt\/en\/"},{"@type":"ListItem","position":2,"name":"Home"}]},{"@type":"WebSite","@id":"https:\/\/segef.pt\/#website","url":"https:\/\/segef.pt\/","name":"Segef - SEGURAN\u00c7A GEST\u00c3O E EFICI\u00caNCIA, SOCIEDADE UNIPESSOAL LDA","description":"","potentialAction":[{"@type":"SearchAction","target":{"@type":"EntryPoint","urlTemplate":"https:\/\/segef.pt\/?s={search_term_string}"},"query-input":"required name=search_term_string"}],"inLanguage":"en-US"}]}},"_links":{"self":[{"href":"https:\/\/segef.pt\/en\/wp-json\/wp\/v2\/pages\/2646"}],"collection":[{"href":"https:\/\/segef.pt\/en\/wp-json\/wp\/v2\/pages"}],"about":[{"href":"https:\/\/segef.pt\/en\/wp-json\/wp\/v2\/types\/page"}],"author":[{"embeddable":true,"href":"https:\/\/segef.pt\/en\/wp-json\/wp\/v2\/users\/1"}],"replies":[{"embeddable":true,"href":"https:\/\/segef.pt\/en\/wp-json\/wp\/v2\/comments?post=2646"}],"version-history":[{"count":14,"href":"https:\/\/segef.pt\/en\/wp-json\/wp\/v2\/pages\/2646\/revisions"}],"predecessor-version":[{"id":3580,"href":"https:\/\/segef.pt\/en\/wp-json\/wp\/v2\/pages\/2646\/revisions\/3580"}],"wp:attachment":[{"href":"https:\/\/segef.pt\/en\/wp-json\/wp\/v2\/media?parent=2646"}],"curies":[{"name":"wp","href":"https:\/\/api.w.org\/{rel}","templated":true}]}}